{"id":163,"date":"2021-03-22T08:07:54","date_gmt":"2021-03-22T07:07:54","guid":{"rendered":"https:\/\/z-muzic.de\/z-shop\/?post_type=product&#038;p=163"},"modified":"2022-06-29T20:47:57","modified_gmt":"2022-06-29T18:47:57","slug":"susanne-blech-ragazzi-di-vita-2018","status":"publish","type":"product","link":"https:\/\/diskorasant.de\/?product=susanne-blech-ragazzi-di-vita-2018","title":{"rendered":"Susanne Blech &#8211; Ragazzi Di Vita (CD \/ 2018)"},"content":{"rendered":"<div class=\"celwidget\" data-csa-c-id=\"gge418-8cdv1c-9q2rki-no6xp3\" data-cel-widget=\"dpx-product-description_csm_instrumentation_wrapper\">\n<div id=\"descriptionAndDetails\" class=\"a-section a-spacing-extra-large\">\n<div id=\"productDescription_feature_div\" class=\"celwidget\" data-feature-name=\"productDescription\" data-csa-c-id=\"osa5xq-6dc77l-w3l77r-rpbejl\" data-cel-widget=\"productDescription_feature_div\">\n<div>\n<div id=\"productDescription_feature_div\" class=\"a-row feature\" data-feature-name=\"productDescription\" data-template-name=\"productDescription\" data-cel-widget=\"productDescription_feature_div\">\n<div id=\"productDescription\" class=\"a-section a-spacing-small\">\n<p>Viertes Album der renommierten Electro-Dance-Pop-Punk-Formation als CD im Digipack und LP mit bedruckter Innenh\u00fclle und Downloadcode auf RASANT. SUSANNE BLECH hatten 2014 einen wirklich scharfen Pfeil im K\u00f6cher: das Album \u00b4Welt Verhindern\u00b4 hatte die optimale Balance aus genialer Eing\u00e4ngigkeit (Pop!) und konsequent durchdachter Ablehnungshaltung (Feuilleton!), es h\u00e4tte ein Riesenerfolg werden m\u00fcssen. Nachdem dieser sich nur teilweise einstellte, galt die Band als hingerichtet. Umso erstaunlicher ist die nun vier Jahre sp\u00e4ter folgende Auferstehung mit einem weiteren, elf Songs umfassenden Longplayer, der wieder unglaublich souver\u00e4n und total \u00fcberzeugend ist, die Koordinaten aber vom Dancefloor-Krawall subtil in Richtung des sorgf\u00e4ltig austarierten Popsongs verschiebt. TIMON KARL KALEYTA textet und singt, wie er es nicht anders &#8211; und niemand anderes besser kann. Songs wie \u00b4Ich Sah Die Besten K\u00f6pfe Meiner Generation Bedingungslos Triumphieren\u00b4, \u00b4Neulich In Der Fabrik\u00b4, \u00b4Kachelmann X\u00b4, oder \u00b4Michael Schumachers Schnellste Runde\u00b4 sind schon von den Titeln her 100% SUSANNE BLECH, Musik und Gesang sofort wiedererkennbar und einzigartig. Erneut hat das Projekt aus der Rhein-Ruhr-Region sein bisher bestes Album aufgenommen. Was sollte man mehr verlangen d\u00fcrfen? Ein Indie-Dance-Electro-Pop-Highlight.<\/p>\n<\/div>\n<\/div>\n<\/div>\n<\/div>\n<\/div>\n<\/div>\n","protected":false},"excerpt":{"rendered":"<p>mit Cover von Andreas M\u00fche<\/p>\n<p>Tracklist:<br \/>\n01 Ich sah die besten K\u00f6pfe meiner Generation bedingungslos triumphieren<br \/>\n02 Michael Schumachers schnellste Runde<br \/>\n03 Mit dem Erreichen meiner Ziele, frei von Illusionen, beginnt nun endlich das sorgenvolle Leben, das ich mir immer gew\u00fcnscht habe<br \/>\n04 Le bonheur est fini<br \/>\n05 Kachelmann X<br \/>\n06 Ich sah dich gestern an der Werkbank stehen, ruf mich doch bitte zur\u00fcck!<br \/>\n07 Neulich in der Fabrik<br \/>\n08 C\u2019est \u00e7a!<br \/>\n09 Gefangen in der Liturgie<br \/>\n10 Ich war noch niemals in Irak<br \/>\n11 Neulich auf der Eislaufbahn<\/p>\n<p>Artist:\u00a0Susanne Blech<br \/>\nErscheinungsdatum: 2018<br \/>\nLabel: Z-Muzic<\/p>\n<h4>Streamingoptionen<\/h4>\n<div><a href=\"https:\/\/music.apple.com\/de\/album\/ragazzi-di-vita\/1603218718\" target=\"_blank\" rel=\"noopener\"><img loading=\"lazy\" decoding=\"async\" class=\"alignnone wp-image-656 size-full\" src=\"https:\/\/diskorasant.de\/wp-content\/uploads\/apple-e1645204736665.png\" alt=\"buy@apple\" width=\"93\" height=\"28\" \/> \u00a0<\/a><a href=\"https:\/\/open.spotify.com\/album\/2arNJ24inJzfJwBfAWHkzf?si=GhmBFTyHRqeSl1VChwgBYA&amp;nd=1\" target=\"_blank\" rel=\"noopener\"><img loading=\"lazy\" decoding=\"async\" class=\"alignnone wp-image-657 size-full\" src=\"https:\/\/diskorasant.de\/wp-content\/uploads\/spotify-e1645184362280.png\" alt=\"buy@spotify\" width=\"100\" height=\"30\" \/><\/a><\/div>\n<div><\/div>\n<div><\/div>\n<div>\n<p class=\"TextA\">\n<\/div>\n","protected":false},"featured_media":164,"template":"","meta":[],"product_brand":[],"product_cat":[36,43,34,44,37],"product_tag":[],"class_list":{"0":"post-163","1":"product","2":"type-product","3":"status-publish","4":"has-post-thumbnail","6":"product_cat-susanne-blech","7":"product_cat-album","8":"product_cat-cd","9":"product_cat-electro-pop","10":"product_cat-elektro","11":"product_shipping_class-audio-cds","12":"","14":"first","15":"instock","16":"taxable","17":"shipping-taxable","18":"purchasable","19":"product-type-simple"},"_links":{"self":[{"href":"https:\/\/diskorasant.de\/index.php?rest_route=\/wp\/v2\/product\/163","targetHints":{"allow":["GET"]}}],"collection":[{"href":"https:\/\/diskorasant.de\/index.php?rest_route=\/wp\/v2\/product"}],"about":[{"href":"https:\/\/diskorasant.de\/index.php?rest_route=\/wp\/v2\/types\/product"}],"wp:featuredmedia":[{"embeddable":true,"href":"https:\/\/diskorasant.de\/index.php?rest_route=\/wp\/v2\/media\/164"}],"wp:attachment":[{"href":"https:\/\/diskorasant.de\/index.php?rest_route=%2Fwp%2Fv2%2Fmedia&parent=163"}],"wp:term":[{"taxonomy":"product_brand","embeddable":true,"href":"https:\/\/diskorasant.de\/index.php?rest_route=%2Fwp%2Fv2%2Fproduct_brand&post=163"},{"taxonomy":"product_cat","embeddable":true,"href":"https:\/\/diskorasant.de\/index.php?rest_route=%2Fwp%2Fv2%2Fproduct_cat&post=163"},{"taxonomy":"product_tag","embeddable":true,"href":"https:\/\/diskorasant.de\/index.php?rest_route=%2Fwp%2Fv2%2Fproduct_tag&post=163"}],"curies":[{"name":"wp","href":"https:\/\/api.w.org\/{rel}","templated":true}]}}