{"id":852,"date":"2023-08-04T11:47:56","date_gmt":"2023-08-04T09:47:56","guid":{"rendered":"https:\/\/diskorasant.de\/?post_type=product&#038;p=852"},"modified":"2026-02-05T11:15:43","modified_gmt":"2026-02-05T10:15:43","slug":"svea-kirschmeier-raus-ep","status":"publish","type":"product","link":"https:\/\/diskorasant.de\/?product=svea-kirschmeier-raus-ep","title":{"rendered":"Svea Kirschmeier &#8211; RAUS (EP)"},"content":{"rendered":"<div>Svea Kirschmeier, Musikerin und Multiinstrumentalistin aus K\u00f6ln, ver\u00f6ffentlicht \u201eRaus\u201c. Mit sechs pers\u00f6nlichen Songs manifestiert sie erstmals ihr musikalisches Dasein und l\u00e4dt dazu ein, der Stimmung zu folgen, die in einem Rhythmus steckt, einer Melodie, einem Satz und \u2013 ja genau \u2013 in einem Song. Was ist der Baum, der da so rumsteht, in dem gleichnamigen ersten Track? Welche Emotion versteckt sich in \u201eGr\u00fcn\u201c? In welchen Zustand zieht uns der uneindeutige Rhythmuspattern in \u201eGeradeaus\u201c?<\/div>\n<div><\/div>\n<div>Diese Fragen bleiben ohne konkrete Antwort. Hier gibt es keine vorgefertigte Interpretation. Es bleibt uneindeutig. Die Neugier jedes Einzelnen wird gekitzelt, die \u00dcberraschung wird bereitgehalten \u2013 sei es nach dem Blick auf das Cover, das Assoziationen weckt, bei dem reduzierten Einsatz von Text, der sich mal zu einer Geschichte formt, dann wieder abstrakt bleibt, oder beim H\u00f6ren eines instrumentalen Einstiegs, der sich hin zu einem breiteren elektronischen Soundgef\u00fcge \u00f6ffnet.<br \/>\n\u201eRaus\u201c ist cool, ohne k\u00fchl zu sein, manchmal z\u00e4rtlich, ohne Kitschverdacht, klar, ohne zu konkret zu werden, fein und l\u00e4ssig zugleich. Es ist eine erfrischende Angelegenheit.<\/div>\n","protected":false},"excerpt":{"rendered":"<p>Tracklist:<br \/>\nDer Baum (Long Version)<br \/>\nGr\u00fcn<br \/>\nGeradeaus<br \/>\nStille beginnt<br \/>\nFrag nicht<br \/>\nOff (Epilog)<\/p>\n<p><strong>Artist: <\/strong>Svea Kirschmeier<br \/>\n<strong>Erscheinungstermin: <\/strong>29.09.2023 <strong><br \/>\n<\/strong><strong>Label:<\/strong> Z-Muzic<\/p>\n<p><span style=\"color: #003300; background-color: #ec2af9;\"><a style=\"color: #000000;\" href=\"https:\/\/listen.music-hub.com\/Doph3L\" target=\"_blank\" rel=\"noopener\">\u00a0<strong>Streamingoptionen<\/strong>\u00a0<\/a><\/span><\/p>\n","protected":false},"featured_media":855,"template":"","meta":[],"product_brand":[],"product_cat":[49,97,35],"product_tag":[51],"class_list":{"0":"post-852","1":"product","2":"type-product","3":"status-publish","4":"has-post-thumbnail","6":"product_cat-alternative","7":"product_cat-svea-kirschmeier","8":"product_cat-vinyl","9":"product_tag-alternative","10":"product_shipping_class-vinyl-ep","11":"","13":"first","14":"instock","15":"taxable","16":"shipping-taxable","17":"purchasable","18":"product-type-simple"},"_links":{"self":[{"href":"https:\/\/diskorasant.de\/index.php?rest_route=\/wp\/v2\/product\/852","targetHints":{"allow":["GET"]}}],"collection":[{"href":"https:\/\/diskorasant.de\/index.php?rest_route=\/wp\/v2\/product"}],"about":[{"href":"https:\/\/diskorasant.de\/index.php?rest_route=\/wp\/v2\/types\/product"}],"wp:featuredmedia":[{"embeddable":true,"href":"https:\/\/diskorasant.de\/index.php?rest_route=\/wp\/v2\/media\/855"}],"wp:attachment":[{"href":"https:\/\/diskorasant.de\/index.php?rest_route=%2Fwp%2Fv2%2Fmedia&parent=852"}],"wp:term":[{"taxonomy":"product_brand","embeddable":true,"href":"https:\/\/diskorasant.de\/index.php?rest_route=%2Fwp%2Fv2%2Fproduct_brand&post=852"},{"taxonomy":"product_cat","embeddable":true,"href":"https:\/\/diskorasant.de\/index.php?rest_route=%2Fwp%2Fv2%2Fproduct_cat&post=852"},{"taxonomy":"product_tag","embeddable":true,"href":"https:\/\/diskorasant.de\/index.php?rest_route=%2Fwp%2Fv2%2Fproduct_tag&post=852"}],"curies":[{"name":"wp","href":"https:\/\/api.w.org\/{rel}","templated":true}]}}